{"id":9102,"date":"2020-09-21T17:59:40","date_gmt":"2020-09-21T15:59:40","guid":{"rendered":"https:\/\/n-tree.com\/riferimenti\/"},"modified":"2024-04-24T10:17:18","modified_gmt":"2024-04-24T08:17:18","slug":"riferimenti","status":"publish","type":"page","link":"https:\/\/n-tree.com\/it\/riferimenti\/","title":{"rendered":"Referenze"},"content":{"rendered":"","protected":false},"excerpt":{"rendered":"","protected":false},"author":1,"featured_media":0,"parent":0,"menu_order":0,"comment_status":"closed","ping_status":"closed","template":"","meta":{"_acf_changed":false,"footnotes":""},"class_list":["post-9102","page","type-page","status-publish","hentry"],"acf":[],"yoast_head":"<!-- This site is optimized with the Yoast SEO plugin v26.9 - https:\/\/yoast.com\/product\/yoast-seo-wordpress\/ -->\n<title>Referenze - n-tree solutions<\/title>\n<meta name=\"robots\" content=\"index, follow, max-snippet:-1, max-image-preview:large, max-video-preview:-1\" \/>\n<link rel=\"canonical\" href=\"https:\/\/n-tree.com\/referenzen\/\" \/>\n<meta property=\"og:locale\" content=\"it_IT\" \/>\n<meta property=\"og:type\" content=\"article\" \/>\n<meta property=\"og:title\" content=\"Referenze - n-tree solutions\" \/>\n<meta property=\"og:url\" content=\"https:\/\/n-tree.com\/referenzen\/\" \/>\n<meta property=\"og:site_name\" content=\"n-tree solutions\" \/>\n<meta property=\"article:modified_time\" content=\"2024-04-24T08:17:18+00:00\" \/>\n<meta name=\"twitter:card\" content=\"summary_large_image\" \/>\n<script type=\"application\/ld+json\" class=\"yoast-schema-graph\">{\"@context\":\"https:\/\/schema.org\",\"@graph\":[{\"@type\":\"WebPage\",\"@id\":\"https:\/\/n-tree.com\/referenzen\/\",\"url\":\"https:\/\/n-tree.com\/referenzen\/\",\"name\":\"Referenze - n-tree solutions\",\"isPartOf\":{\"@id\":\"https:\/\/n-tree.com\/#website\"},\"datePublished\":\"2020-09-21T15:59:40+00:00\",\"dateModified\":\"2024-04-24T08:17:18+00:00\",\"breadcrumb\":{\"@id\":\"https:\/\/n-tree.com\/referenzen\/#breadcrumb\"},\"inLanguage\":\"it-IT\",\"potentialAction\":[{\"@type\":\"ReadAction\",\"target\":[\"https:\/\/n-tree.com\/referenzen\/\"]}]},{\"@type\":\"BreadcrumbList\",\"@id\":\"https:\/\/n-tree.com\/referenzen\/#breadcrumb\",\"itemListElement\":[{\"@type\":\"ListItem\",\"position\":1,\"name\":\"Home\",\"item\":\"https:\/\/n-tree.com\/it\/\"},{\"@type\":\"ListItem\",\"position\":2,\"name\":\"Referenze\"}]},{\"@type\":\"WebSite\",\"@id\":\"https:\/\/n-tree.com\/#website\",\"url\":\"https:\/\/n-tree.com\/\",\"name\":\"n-tree solutions\",\"description\":\"Ma\u00dfgeschneiderte L\u00f6sungen f\u00fcr das Besuchermanagement\",\"potentialAction\":[{\"@type\":\"SearchAction\",\"target\":{\"@type\":\"EntryPoint\",\"urlTemplate\":\"https:\/\/n-tree.com\/?s={search_term_string}\"},\"query-input\":{\"@type\":\"PropertyValueSpecification\",\"valueRequired\":true,\"valueName\":\"search_term_string\"}}],\"inLanguage\":\"it-IT\"}]}<\/script>\n<!-- \/ Yoast SEO plugin. -->","yoast_head_json":{"title":"Referenze - n-tree solutions","robots":{"index":"index","follow":"follow","max-snippet":"max-snippet:-1","max-image-preview":"max-image-preview:large","max-video-preview":"max-video-preview:-1"},"canonical":"https:\/\/n-tree.com\/referenzen\/","og_locale":"it_IT","og_type":"article","og_title":"Referenze - n-tree solutions","og_url":"https:\/\/n-tree.com\/referenzen\/","og_site_name":"n-tree solutions","article_modified_time":"2024-04-24T08:17:18+00:00","twitter_card":"summary_large_image","schema":{"@context":"https:\/\/schema.org","@graph":[{"@type":"WebPage","@id":"https:\/\/n-tree.com\/referenzen\/","url":"https:\/\/n-tree.com\/referenzen\/","name":"Referenze - n-tree solutions","isPartOf":{"@id":"https:\/\/n-tree.com\/#website"},"datePublished":"2020-09-21T15:59:40+00:00","dateModified":"2024-04-24T08:17:18+00:00","breadcrumb":{"@id":"https:\/\/n-tree.com\/referenzen\/#breadcrumb"},"inLanguage":"it-IT","potentialAction":[{"@type":"ReadAction","target":["https:\/\/n-tree.com\/referenzen\/"]}]},{"@type":"BreadcrumbList","@id":"https:\/\/n-tree.com\/referenzen\/#breadcrumb","itemListElement":[{"@type":"ListItem","position":1,"name":"Home","item":"https:\/\/n-tree.com\/it\/"},{"@type":"ListItem","position":2,"name":"Referenze"}]},{"@type":"WebSite","@id":"https:\/\/n-tree.com\/#website","url":"https:\/\/n-tree.com\/","name":"n-tree solutions","description":"Ma\u00dfgeschneiderte L\u00f6sungen f\u00fcr das Besuchermanagement","potentialAction":[{"@type":"SearchAction","target":{"@type":"EntryPoint","urlTemplate":"https:\/\/n-tree.com\/?s={search_term_string}"},"query-input":{"@type":"PropertyValueSpecification","valueRequired":true,"valueName":"search_term_string"}}],"inLanguage":"it-IT"}]}},"_links":{"self":[{"href":"https:\/\/n-tree.com\/it\/wp-json\/wp\/v2\/pages\/9102","targetHints":{"allow":["GET"]}}],"collection":[{"href":"https:\/\/n-tree.com\/it\/wp-json\/wp\/v2\/pages"}],"about":[{"href":"https:\/\/n-tree.com\/it\/wp-json\/wp\/v2\/types\/page"}],"author":[{"embeddable":true,"href":"https:\/\/n-tree.com\/it\/wp-json\/wp\/v2\/users\/1"}],"replies":[{"embeddable":true,"href":"https:\/\/n-tree.com\/it\/wp-json\/wp\/v2\/comments?post=9102"}],"version-history":[{"count":2,"href":"https:\/\/n-tree.com\/it\/wp-json\/wp\/v2\/pages\/9102\/revisions"}],"predecessor-version":[{"id":11280,"href":"https:\/\/n-tree.com\/it\/wp-json\/wp\/v2\/pages\/9102\/revisions\/11280"}],"wp:attachment":[{"href":"https:\/\/n-tree.com\/it\/wp-json\/wp\/v2\/media?parent=9102"}],"curies":[{"name":"wp","href":"https:\/\/api.w.org\/{rel}","templated":true}]}}