{"id":10769,"date":"2020-03-26T11:55:16","date_gmt":"2020-03-26T10:55:16","guid":{"rendered":"https:\/\/n-tree.com\/protezione-dei-dati\/"},"modified":"2026-02-24T10:58:54","modified_gmt":"2026-02-24T09:58:54","slug":"protezione-dei-dati","status":"publish","type":"page","link":"https:\/\/n-tree.com\/it\/protezione-dei-dati\/","title":{"rendered":"Protezione dei dati"},"content":{"rendered":"<h2 class=\"wp-block-heading\">Chi siamo<\/h2><p>L&#8217;indirizzo del nostro sito web \u00e8: https:\/\/n-tree.com.<\/p><h2 class=\"wp-block-heading\">Quali dati personali raccogliamo e perch\u00e9 li raccogliamo<\/h2><h3 class=\"wp-block-heading\">Commenti<\/h3><p>Quando i visitatori pubblicano commenti sul sito web, raccogliamo i dati visualizzati nel modulo dei commenti, l&#8217;indirizzo IP del visitatore e la stringa dell&#8217;agente utente (che identifica il browser) per aiutare a riconoscere lo spam.<\/p><p>Una stringa di caratteri anonimizzata (nota anche come hash) pu\u00f2 essere creata a partire dal tuo indirizzo e-mail e passata al servizio Gravatar per verificare se lo stai utilizzando. Puoi trovare l&#8217;informativa sulla privacy del servizio Gravatar qui: https:\/\/automattic.com\/privacy\/. Dopo l&#8217;approvazione del tuo commento, la tua immagine del profilo sar\u00e0 visibile pubblicamente nel contesto del tuo commento.<\/p><h3 class=\"wp-block-heading\">Media<\/h3><p>Se sei un utente registrato e carichi foto su questo sito, dovresti evitare di caricare foto con una posizione EXIF GPS. I visitatori di questo sito web possono scaricare le foto memorizzate su questo sito ed estrarre le informazioni sulla loro posizione.<\/p><h3 class=\"wp-block-heading\">Moduli di contatto<\/h3><h3 class=\"wp-block-heading\">Biscotti<\/h3><p>Se scrivi un commento sul nostro sito web, questo pu\u00f2 costituire un consenso alla memorizzazione del tuo nome, indirizzo e-mail e sito web nei cookie. Si tratta di una funzione comoda per evitare che tu debba inserire nuovamente tutti questi dati quando scrivi un altro commento. Questi cookie vengono conservati per un anno.<\/p><p>Se hai un account e accedi a questo sito web, imposteremo un cookie temporaneo per determinare se il tuo browser accetta i cookie. Questo cookie non contiene dati personali e viene eliminato alla chiusura del browser.<\/p><p>Quando effettui l&#8217;accesso, installeremo alcuni cookie per salvare le tue informazioni di accesso e le opzioni di visualizzazione. I cookie di accesso scadono dopo due giorni e i cookie per le opzioni di visualizzazione dopo un anno. Se al momento della registrazione selezioni &#8220;Resta connesso&#8221;, la tua registrazione sar\u00e0 mantenuta per quindici giorni. Quando esci dal tuo account, i cookie di accesso vengono cancellati.<\/p><p>Quando modifichi o pubblichi un articolo, un ulteriore cookie viene memorizzato nel tuo browser. Questo cookie non contiene dati personali e si riferisce solo all&#8217;ID del post dell&#8217;articolo che hai appena modificato. Il cookie scade dopo un giorno.<\/p><h3 class=\"wp-block-heading\">Contenuti incorporati da altri siti web<\/h3><p>I post di questo sito web possono contenere contenuti incorporati (ad esempio video, immagini, articoli, ecc.). I contenuti incorporati di altri siti web si comportano esattamente come se il visitatore avesse visitato l&#8217;altro sito web.<\/p><p>Questi siti web possono raccogliere dati su di te, utilizzare cookie, incorporare servizi di tracciamento di terze parti e registrare la tua interazione con questi contenuti incorporati, compresa la tua interazione con i contenuti incorporati se hai un account e sei connesso a questo sito web.<\/p><h3 class=\"wp-block-heading\">Servizi di analisi<\/h3><h2 class=\"wp-block-heading\">Con chi condividiamo i tuoi dati<\/h2><h2 class=\"wp-block-heading\">Per quanto tempo conserviamo i tuoi dati<\/h2><p>Se scrivi un commento, questo verr\u00e0 salvato a tempo indeterminato, compresi i metadati. In questo modo possiamo riconoscere e approvare automaticamente i commenti successivi invece di tenerli in coda di moderazione.<\/p><p>Per gli utenti che si registrano sul nostro sito web, memorizziamo anche le informazioni personali che forniscono nei loro profili utente. Tutti gli utenti possono visualizzare, modificare o cancellare le proprie informazioni personali in qualsiasi momento (il nome utente non pu\u00f2 essere modificato). Anche gli amministratori del sito web possono visualizzare e modificare queste informazioni.<\/p><h2 class=\"wp-block-heading\">Quali diritti hai sui tuoi dati<\/h2><p>Se hai un account su questo sito web o hai pubblicato dei commenti, puoi richiedere l&#8217;esportazione dei tuoi dati personali da noi, compresi i dati che ci hai fornito. Inoltre, puoi richiedere la cancellazione di tutti i dati personali che abbiamo memorizzato su di te. Questo non include i dati che siamo tenuti a conservare per motivi amministrativi, legali o di sicurezza.<\/p><h2 class=\"wp-block-heading\">Dove inviamo i tuoi dati<\/h2><p>I commenti dei visitatori potrebbero essere analizzati da un servizio automatico di rilevamento dello spam.<\/p><h2 class=\"wp-block-heading\">Le tue informazioni di contatto<\/h2><h2 class=\"wp-block-heading\">Ulteriori informazioni<\/h2><h3 class=\"wp-block-heading\">Come proteggiamo i tuoi dati<\/h3><h3 class=\"wp-block-heading\">Quali misure offriamo in caso di violazione dei dati?<\/h3><h3 class=\"wp-block-heading\">Da quali fornitori terzi riceviamo i dati<\/h3><h3 class=\"wp-block-heading\">Quale processo decisionale e\/o di profilazione automatizzato effettuiamo con i dati degli utenti?<\/h3><h3 class=\"wp-block-heading\">Requisiti normativi industriali<\/h3>","protected":false},"excerpt":{"rendered":"<p>Chi siamo L&#8217;indirizzo del nostro sito web \u00e8: https:\/\/n-tree.com. Quali dati personali raccogliamo e perch\u00e9 li raccogliamo Commenti Quando i visitatori pubblicano commenti sul sito web, raccogliamo i dati visualizzati nel modulo dei commenti, l&#8217;indirizzo IP del visitatore e la stringa dell&#8217;agente utente (che identifica il browser) per aiutare a riconoscere lo spam. Una stringa [&hellip;]<\/p>\n","protected":false},"author":1,"featured_media":0,"parent":0,"menu_order":0,"comment_status":"closed","ping_status":"open","template":"","meta":{"_acf_changed":false,"footnotes":""},"class_list":["post-10769","page","type-page","status-publish","hentry"],"acf":[],"yoast_head":"<!-- This site is optimized with the Yoast SEO plugin v26.9 - https:\/\/yoast.com\/product\/yoast-seo-wordpress\/ -->\n<title>Protezione dei dati - n-tree solutions<\/title>\n<meta name=\"robots\" content=\"index, follow, max-snippet:-1, max-image-preview:large, max-video-preview:-1\" \/>\n<link rel=\"canonical\" href=\"https:\/\/n-tree.com\/it\/protezione-dei-dati\/\" \/>\n<meta property=\"og:locale\" content=\"it_IT\" \/>\n<meta property=\"og:type\" content=\"article\" \/>\n<meta property=\"og:title\" content=\"Protezione dei dati - n-tree solutions\" \/>\n<meta property=\"og:description\" content=\"Chi siamo L&#8217;indirizzo del nostro sito web \u00e8: https:\/\/n-tree.com. Quali dati personali raccogliamo e perch\u00e9 li raccogliamo Commenti Quando i visitatori pubblicano commenti sul sito web, raccogliamo i dati visualizzati nel modulo dei commenti, l&#8217;indirizzo IP del visitatore e la stringa dell&#8217;agente utente (che identifica il browser) per aiutare a riconoscere lo spam. Una stringa [&hellip;]\" \/>\n<meta property=\"og:url\" content=\"https:\/\/n-tree.com\/it\/protezione-dei-dati\/\" \/>\n<meta property=\"og:site_name\" content=\"n-tree solutions\" \/>\n<meta property=\"article:modified_time\" content=\"2026-02-24T09:58:54+00:00\" \/>\n<meta name=\"twitter:card\" content=\"summary_large_image\" \/>\n<meta name=\"twitter:label1\" content=\"Est. reading time\" \/>\n\t<meta name=\"twitter:data1\" content=\"3 minutes\" \/>\n<script type=\"application\/ld+json\" class=\"yoast-schema-graph\">{\"@context\":\"https:\/\/schema.org\",\"@graph\":[{\"@type\":\"WebPage\",\"@id\":\"https:\/\/n-tree.com\/it\/protezione-dei-dati\/\",\"url\":\"https:\/\/n-tree.com\/it\/protezione-dei-dati\/\",\"name\":\"Protezione dei dati - n-tree solutions\",\"isPartOf\":{\"@id\":\"https:\/\/n-tree.com\/#website\"},\"datePublished\":\"2020-03-26T10:55:16+00:00\",\"dateModified\":\"2026-02-24T09:58:54+00:00\",\"breadcrumb\":{\"@id\":\"https:\/\/n-tree.com\/it\/protezione-dei-dati\/#breadcrumb\"},\"inLanguage\":\"it-IT\",\"potentialAction\":[{\"@type\":\"ReadAction\",\"target\":[\"https:\/\/n-tree.com\/it\/protezione-dei-dati\/\"]}]},{\"@type\":\"BreadcrumbList\",\"@id\":\"https:\/\/n-tree.com\/it\/protezione-dei-dati\/#breadcrumb\",\"itemListElement\":[{\"@type\":\"ListItem\",\"position\":1,\"name\":\"Home\",\"item\":\"https:\/\/n-tree.com\/it\/\"},{\"@type\":\"ListItem\",\"position\":2,\"name\":\"Protezione dei dati\"}]},{\"@type\":\"WebSite\",\"@id\":\"https:\/\/n-tree.com\/#website\",\"url\":\"https:\/\/n-tree.com\/\",\"name\":\"n-tree solutions\",\"description\":\"Ma\u00dfgeschneiderte L\u00f6sungen f\u00fcr das Besuchermanagement\",\"potentialAction\":[{\"@type\":\"SearchAction\",\"target\":{\"@type\":\"EntryPoint\",\"urlTemplate\":\"https:\/\/n-tree.com\/?s={search_term_string}\"},\"query-input\":{\"@type\":\"PropertyValueSpecification\",\"valueRequired\":true,\"valueName\":\"search_term_string\"}}],\"inLanguage\":\"it-IT\"}]}<\/script>\n<!-- \/ Yoast SEO plugin. -->","yoast_head_json":{"title":"Protezione dei dati - n-tree solutions","robots":{"index":"index","follow":"follow","max-snippet":"max-snippet:-1","max-image-preview":"max-image-preview:large","max-video-preview":"max-video-preview:-1"},"canonical":"https:\/\/n-tree.com\/it\/protezione-dei-dati\/","og_locale":"it_IT","og_type":"article","og_title":"Protezione dei dati - n-tree solutions","og_description":"Chi siamo L&#8217;indirizzo del nostro sito web \u00e8: https:\/\/n-tree.com. Quali dati personali raccogliamo e perch\u00e9 li raccogliamo Commenti Quando i visitatori pubblicano commenti sul sito web, raccogliamo i dati visualizzati nel modulo dei commenti, l&#8217;indirizzo IP del visitatore e la stringa dell&#8217;agente utente (che identifica il browser) per aiutare a riconoscere lo spam. Una stringa [&hellip;]","og_url":"https:\/\/n-tree.com\/it\/protezione-dei-dati\/","og_site_name":"n-tree solutions","article_modified_time":"2026-02-24T09:58:54+00:00","twitter_card":"summary_large_image","twitter_misc":{"Est. reading time":"3 minutes"},"schema":{"@context":"https:\/\/schema.org","@graph":[{"@type":"WebPage","@id":"https:\/\/n-tree.com\/it\/protezione-dei-dati\/","url":"https:\/\/n-tree.com\/it\/protezione-dei-dati\/","name":"Protezione dei dati - n-tree solutions","isPartOf":{"@id":"https:\/\/n-tree.com\/#website"},"datePublished":"2020-03-26T10:55:16+00:00","dateModified":"2026-02-24T09:58:54+00:00","breadcrumb":{"@id":"https:\/\/n-tree.com\/it\/protezione-dei-dati\/#breadcrumb"},"inLanguage":"it-IT","potentialAction":[{"@type":"ReadAction","target":["https:\/\/n-tree.com\/it\/protezione-dei-dati\/"]}]},{"@type":"BreadcrumbList","@id":"https:\/\/n-tree.com\/it\/protezione-dei-dati\/#breadcrumb","itemListElement":[{"@type":"ListItem","position":1,"name":"Home","item":"https:\/\/n-tree.com\/it\/"},{"@type":"ListItem","position":2,"name":"Protezione dei dati"}]},{"@type":"WebSite","@id":"https:\/\/n-tree.com\/#website","url":"https:\/\/n-tree.com\/","name":"n-tree solutions","description":"Ma\u00dfgeschneiderte L\u00f6sungen f\u00fcr das Besuchermanagement","potentialAction":[{"@type":"SearchAction","target":{"@type":"EntryPoint","urlTemplate":"https:\/\/n-tree.com\/?s={search_term_string}"},"query-input":{"@type":"PropertyValueSpecification","valueRequired":true,"valueName":"search_term_string"}}],"inLanguage":"it-IT"}]}},"_links":{"self":[{"href":"https:\/\/n-tree.com\/it\/wp-json\/wp\/v2\/pages\/10769","targetHints":{"allow":["GET"]}}],"collection":[{"href":"https:\/\/n-tree.com\/it\/wp-json\/wp\/v2\/pages"}],"about":[{"href":"https:\/\/n-tree.com\/it\/wp-json\/wp\/v2\/types\/page"}],"author":[{"embeddable":true,"href":"https:\/\/n-tree.com\/it\/wp-json\/wp\/v2\/users\/1"}],"replies":[{"embeddable":true,"href":"https:\/\/n-tree.com\/it\/wp-json\/wp\/v2\/comments?post=10769"}],"version-history":[{"count":2,"href":"https:\/\/n-tree.com\/it\/wp-json\/wp\/v2\/pages\/10769\/revisions"}],"predecessor-version":[{"id":43950,"href":"https:\/\/n-tree.com\/it\/wp-json\/wp\/v2\/pages\/10769\/revisions\/43950"}],"wp:attachment":[{"href":"https:\/\/n-tree.com\/it\/wp-json\/wp\/v2\/media?parent=10769"}],"curies":[{"name":"wp","href":"https:\/\/api.w.org\/{rel}","templated":true}]}}