{"id":10632,"date":"2020-03-26T11:55:16","date_gmt":"2020-03-26T10:55:16","guid":{"rendered":"https:\/\/n-tree.com\/pagina-iniziale\/"},"modified":"2025-07-04T14:05:17","modified_gmt":"2025-07-04T12:05:17","slug":"pagina-iniziale","status":"publish","type":"page","link":"https:\/\/n-tree.com\/it\/","title":{"rendered":"Pagina iniziale"},"content":{"rendered":"\n<p>Questa \u00e8 una pagina di esempio. Si differenzia dai post perch\u00e9 rimane sempre nello stesso posto e viene visualizzato nella navigazione del sito (nella maggior parte dei temi). La maggior parte inizia con un&#8217;impronta, un&#8217;informativa sulla privacy o una pagina &#8220;Chi siamo&#8221; per presentarsi ai potenziali visitatori del sito. Ad esempio, potrebbe dire:<\/p>\n\n<blockquote class=\"wp-block-quote is-layout-flow wp-block-quote-is-layout-flow\"><p>Ciao! Di giorno lavoro come corriere, di notte mi dedico alla recitazione e questo \u00e8 il mio sito web. Vivo in una grande citt\u00e0, ho un cane fantastico e mi piace bere con l&#8217;ombrello (ma non stare sotto la pioggia senza ombrello).<\/p><\/blockquote>\n\n<p>&#8230;o qualcosa del genere:<\/p>\n\n<blockquote class=\"wp-block-quote is-layout-flow wp-block-quote-is-layout-flow\"><p>L&#8217;azienda XYZ \u00e8 stata fondata nel 1971 e da allora fornisce al pubblico prodotti di alta qualit\u00e0. Nella sua sede in una piccola citt\u00e0, l&#8217;azienda impiega oltre 2.000 persone e sostiene i residenti della citt\u00e0 in molti modi.<\/p><\/blockquote>\n\n<p>Come nuovo utente di WordPress, devi andare nella tua <a href=\"https:\/\/n-tree.com\/wp\/wp-admin\/\">dashboard<\/a> per eliminare questa pagina e creare nuove pagine per i tuoi contenuti. Divertiti!<\/p>\n","protected":false},"excerpt":{"rendered":"<p>Questa \u00e8 una pagina di esempio. Si differenzia dai post perch\u00e9 rimane sempre nello stesso posto e viene visualizzato nella navigazione del sito (nella maggior parte dei temi). La maggior parte inizia con un&#8217;impronta, un&#8217;informativa sulla privacy o una pagina &#8220;Chi siamo&#8221; per presentarsi ai potenziali visitatori del sito. Ad esempio, potrebbe dire: Ciao! Di [&hellip;]<\/p>\n","protected":false},"author":1,"featured_media":0,"parent":0,"menu_order":0,"comment_status":"closed","ping_status":"open","template":"","meta":{"_acf_changed":false,"footnotes":""},"class_list":["post-10632","page","type-page","status-publish","hentry"],"acf":[],"yoast_head":"<!-- This site is optimized with the Yoast SEO plugin v26.9 - https:\/\/yoast.com\/product\/yoast-seo-wordpress\/ -->\n<title>n-tree solutions Ticketsysteme GmbH<\/title>\n<meta name=\"description\" content=\"Da oltre 20 anni offriamo soluzioni personalizzate per la gestione dei visitatori in strutture ricreative, culturali e industriali.\" \/>\n<meta name=\"robots\" content=\"index, follow, max-snippet:-1, max-image-preview:large, max-video-preview:-1\" \/>\n<link rel=\"canonical\" href=\"https:\/\/n-tree.com\/it\/\" \/>\n<meta property=\"og:locale\" content=\"it_IT\" \/>\n<meta property=\"og:type\" content=\"article\" \/>\n<meta property=\"og:title\" content=\"n-tree solutions Ticketsysteme GmbH\" \/>\n<meta property=\"og:description\" content=\"Da oltre 20 anni offriamo soluzioni personalizzate per la gestione dei visitatori in strutture ricreative, culturali e industriali.\" \/>\n<meta property=\"og:url\" content=\"https:\/\/n-tree.com\/it\/\" \/>\n<meta property=\"og:site_name\" content=\"n-tree solutions\" \/>\n<meta property=\"article:modified_time\" content=\"2025-07-04T12:05:17+00:00\" \/>\n<meta name=\"twitter:card\" content=\"summary_large_image\" \/>\n<meta name=\"twitter:label1\" content=\"Est. reading time\" \/>\n\t<meta name=\"twitter:data1\" content=\"1 minute\" \/>\n<script type=\"application\/ld+json\" class=\"yoast-schema-graph\">{\"@context\":\"https:\/\/schema.org\",\"@graph\":[{\"@type\":\"WebPage\",\"@id\":\"https:\/\/n-tree.com\/it\/\",\"url\":\"https:\/\/n-tree.com\/it\/\",\"name\":\"n-tree solutions Ticketsysteme GmbH\",\"isPartOf\":{\"@id\":\"https:\/\/n-tree.com\/#website\"},\"datePublished\":\"2020-03-26T10:55:16+00:00\",\"dateModified\":\"2025-07-04T12:05:17+00:00\",\"description\":\"Da oltre 20 anni offriamo soluzioni personalizzate per la gestione dei visitatori in strutture ricreative, culturali e industriali.\",\"breadcrumb\":{\"@id\":\"https:\/\/n-tree.com\/it\/#breadcrumb\"},\"inLanguage\":\"it-IT\",\"potentialAction\":[{\"@type\":\"ReadAction\",\"target\":[\"https:\/\/n-tree.com\/it\/\"]}]},{\"@type\":\"BreadcrumbList\",\"@id\":\"https:\/\/n-tree.com\/it\/#breadcrumb\",\"itemListElement\":[{\"@type\":\"ListItem\",\"position\":1,\"name\":\"Home\",\"item\":\"https:\/\/n-tree.com\/it\/\"},{\"@type\":\"ListItem\",\"position\":2,\"name\":\"Pagina iniziale\"}]},{\"@type\":\"WebSite\",\"@id\":\"https:\/\/n-tree.com\/#website\",\"url\":\"https:\/\/n-tree.com\/\",\"name\":\"n-tree solutions\",\"description\":\"Ma\u00dfgeschneiderte L\u00f6sungen f\u00fcr das Besuchermanagement\",\"potentialAction\":[{\"@type\":\"SearchAction\",\"target\":{\"@type\":\"EntryPoint\",\"urlTemplate\":\"https:\/\/n-tree.com\/?s={search_term_string}\"},\"query-input\":{\"@type\":\"PropertyValueSpecification\",\"valueRequired\":true,\"valueName\":\"search_term_string\"}}],\"inLanguage\":\"it-IT\"}]}<\/script>\n<!-- \/ Yoast SEO plugin. -->","yoast_head_json":{"title":"n-tree solutions Ticketsysteme GmbH","description":"Da oltre 20 anni offriamo soluzioni personalizzate per la gestione dei visitatori in strutture ricreative, culturali e industriali.","robots":{"index":"index","follow":"follow","max-snippet":"max-snippet:-1","max-image-preview":"max-image-preview:large","max-video-preview":"max-video-preview:-1"},"canonical":"https:\/\/n-tree.com\/it\/","og_locale":"it_IT","og_type":"article","og_title":"n-tree solutions Ticketsysteme GmbH","og_description":"Da oltre 20 anni offriamo soluzioni personalizzate per la gestione dei visitatori in strutture ricreative, culturali e industriali.","og_url":"https:\/\/n-tree.com\/it\/","og_site_name":"n-tree solutions","article_modified_time":"2025-07-04T12:05:17+00:00","twitter_card":"summary_large_image","twitter_misc":{"Est. reading time":"1 minute"},"schema":{"@context":"https:\/\/schema.org","@graph":[{"@type":"WebPage","@id":"https:\/\/n-tree.com\/it\/","url":"https:\/\/n-tree.com\/it\/","name":"n-tree solutions Ticketsysteme GmbH","isPartOf":{"@id":"https:\/\/n-tree.com\/#website"},"datePublished":"2020-03-26T10:55:16+00:00","dateModified":"2025-07-04T12:05:17+00:00","description":"Da oltre 20 anni offriamo soluzioni personalizzate per la gestione dei visitatori in strutture ricreative, culturali e industriali.","breadcrumb":{"@id":"https:\/\/n-tree.com\/it\/#breadcrumb"},"inLanguage":"it-IT","potentialAction":[{"@type":"ReadAction","target":["https:\/\/n-tree.com\/it\/"]}]},{"@type":"BreadcrumbList","@id":"https:\/\/n-tree.com\/it\/#breadcrumb","itemListElement":[{"@type":"ListItem","position":1,"name":"Home","item":"https:\/\/n-tree.com\/it\/"},{"@type":"ListItem","position":2,"name":"Pagina iniziale"}]},{"@type":"WebSite","@id":"https:\/\/n-tree.com\/#website","url":"https:\/\/n-tree.com\/","name":"n-tree solutions","description":"Ma\u00dfgeschneiderte L\u00f6sungen f\u00fcr das Besuchermanagement","potentialAction":[{"@type":"SearchAction","target":{"@type":"EntryPoint","urlTemplate":"https:\/\/n-tree.com\/?s={search_term_string}"},"query-input":{"@type":"PropertyValueSpecification","valueRequired":true,"valueName":"search_term_string"}}],"inLanguage":"it-IT"}]}},"_links":{"self":[{"href":"https:\/\/n-tree.com\/it\/wp-json\/wp\/v2\/pages\/10632","targetHints":{"allow":["GET"]}}],"collection":[{"href":"https:\/\/n-tree.com\/it\/wp-json\/wp\/v2\/pages"}],"about":[{"href":"https:\/\/n-tree.com\/it\/wp-json\/wp\/v2\/types\/page"}],"author":[{"embeddable":true,"href":"https:\/\/n-tree.com\/it\/wp-json\/wp\/v2\/users\/1"}],"replies":[{"embeddable":true,"href":"https:\/\/n-tree.com\/it\/wp-json\/wp\/v2\/comments?post=10632"}],"version-history":[{"count":8,"href":"https:\/\/n-tree.com\/it\/wp-json\/wp\/v2\/pages\/10632\/revisions"}],"predecessor-version":[{"id":18591,"href":"https:\/\/n-tree.com\/it\/wp-json\/wp\/v2\/pages\/10632\/revisions\/18591"}],"wp:attachment":[{"href":"https:\/\/n-tree.com\/it\/wp-json\/wp\/v2\/media?parent=10632"}],"curies":[{"name":"wp","href":"https:\/\/api.w.org\/{rel}","templated":true}]}}