{"id":9095,"date":"2021-09-12T19:52:41","date_gmt":"2021-09-12T17:52:41","guid":{"rendered":"https:\/\/n-tree.com\/systeme-de-reservation-pour-les-consultations-de-bien-etre-et-de-spa\/"},"modified":"2024-04-23T14:40:48","modified_gmt":"2024-04-23T12:40:48","slug":"systeme-de-reservation-pour-les-consultations-de-bien-etre-et-de-spa","status":"publish","type":"page","link":"https:\/\/n-tree.com\/fr\/systeme-de-reservation-pour-les-consultations-de-bien-etre-et-de-spa\/","title":{"rendered":"Syst\u00e8me de r\u00e9servation pour les consultations de bien-\u00eatre et de spa"},"content":{"rendered":"","protected":false},"excerpt":{"rendered":"","protected":false},"author":15,"featured_media":0,"parent":0,"menu_order":0,"comment_status":"closed","ping_status":"closed","template":"","meta":{"_acf_changed":false,"footnotes":""},"class_list":["post-9095","page","type-page","status-publish","hentry"],"acf":[],"yoast_head":"<!-- This site is optimized with the Yoast SEO plugin v26.9 - https:\/\/yoast.com\/product\/yoast-seo-wordpress\/ -->\n<title>Syst\u00e8me de r\u00e9servation pour les consultations de bien-\u00eatre et de spa - n-tree solutions<\/title>\n<meta name=\"robots\" content=\"index, follow, max-snippet:-1, max-image-preview:large, max-video-preview:-1\" \/>\n<link rel=\"canonical\" href=\"https:\/\/n-tree.com\/reservierungssystem-fuer-wellness-und-spa-consulting\/\" \/>\n<meta property=\"og:locale\" content=\"fr_FR\" \/>\n<meta property=\"og:type\" content=\"article\" \/>\n<meta property=\"og:title\" content=\"Syst\u00e8me de r\u00e9servation pour les consultations de bien-\u00eatre et de spa - n-tree solutions\" \/>\n<meta property=\"og:url\" content=\"https:\/\/n-tree.com\/reservierungssystem-fuer-wellness-und-spa-consulting\/\" \/>\n<meta property=\"og:site_name\" content=\"n-tree solutions\" \/>\n<meta property=\"article:modified_time\" content=\"2024-04-23T12:40:48+00:00\" \/>\n<meta name=\"twitter:card\" content=\"summary_large_image\" \/>\n<script type=\"application\/ld+json\" class=\"yoast-schema-graph\">{\"@context\":\"https:\/\/schema.org\",\"@graph\":[{\"@type\":\"WebPage\",\"@id\":\"https:\/\/n-tree.com\/reservierungssystem-fuer-wellness-und-spa-consulting\/\",\"url\":\"https:\/\/n-tree.com\/reservierungssystem-fuer-wellness-und-spa-consulting\/\",\"name\":\"Syst\u00e8me de r\u00e9servation pour les consultations de bien-\u00eatre et de spa - n-tree solutions\",\"isPartOf\":{\"@id\":\"https:\/\/n-tree.com\/#website\"},\"datePublished\":\"2021-09-12T17:52:41+00:00\",\"dateModified\":\"2024-04-23T12:40:48+00:00\",\"breadcrumb\":{\"@id\":\"https:\/\/n-tree.com\/reservierungssystem-fuer-wellness-und-spa-consulting\/#breadcrumb\"},\"inLanguage\":\"fr-FR\",\"potentialAction\":[{\"@type\":\"ReadAction\",\"target\":[\"https:\/\/n-tree.com\/reservierungssystem-fuer-wellness-und-spa-consulting\/\"]}]},{\"@type\":\"BreadcrumbList\",\"@id\":\"https:\/\/n-tree.com\/reservierungssystem-fuer-wellness-und-spa-consulting\/#breadcrumb\",\"itemListElement\":[{\"@type\":\"ListItem\",\"position\":1,\"name\":\"Home\",\"item\":\"https:\/\/n-tree.com\/fr\/\"},{\"@type\":\"ListItem\",\"position\":2,\"name\":\"Syst\u00e8me de r\u00e9servation pour les consultations de bien-\u00eatre et de spa\"}]},{\"@type\":\"WebSite\",\"@id\":\"https:\/\/n-tree.com\/#website\",\"url\":\"https:\/\/n-tree.com\/\",\"name\":\"n-tree solutions\",\"description\":\"Ma\u00dfgeschneiderte L\u00f6sungen f\u00fcr das Besuchermanagement\",\"potentialAction\":[{\"@type\":\"SearchAction\",\"target\":{\"@type\":\"EntryPoint\",\"urlTemplate\":\"https:\/\/n-tree.com\/?s={search_term_string}\"},\"query-input\":{\"@type\":\"PropertyValueSpecification\",\"valueRequired\":true,\"valueName\":\"search_term_string\"}}],\"inLanguage\":\"fr-FR\"}]}<\/script>\n<!-- \/ Yoast SEO plugin. -->","yoast_head_json":{"title":"Syst\u00e8me de r\u00e9servation pour les consultations de bien-\u00eatre et de spa - n-tree solutions","robots":{"index":"index","follow":"follow","max-snippet":"max-snippet:-1","max-image-preview":"max-image-preview:large","max-video-preview":"max-video-preview:-1"},"canonical":"https:\/\/n-tree.com\/reservierungssystem-fuer-wellness-und-spa-consulting\/","og_locale":"fr_FR","og_type":"article","og_title":"Syst\u00e8me de r\u00e9servation pour les consultations de bien-\u00eatre et de spa - n-tree solutions","og_url":"https:\/\/n-tree.com\/reservierungssystem-fuer-wellness-und-spa-consulting\/","og_site_name":"n-tree solutions","article_modified_time":"2024-04-23T12:40:48+00:00","twitter_card":"summary_large_image","schema":{"@context":"https:\/\/schema.org","@graph":[{"@type":"WebPage","@id":"https:\/\/n-tree.com\/reservierungssystem-fuer-wellness-und-spa-consulting\/","url":"https:\/\/n-tree.com\/reservierungssystem-fuer-wellness-und-spa-consulting\/","name":"Syst\u00e8me de r\u00e9servation pour les consultations de bien-\u00eatre et de spa - n-tree solutions","isPartOf":{"@id":"https:\/\/n-tree.com\/#website"},"datePublished":"2021-09-12T17:52:41+00:00","dateModified":"2024-04-23T12:40:48+00:00","breadcrumb":{"@id":"https:\/\/n-tree.com\/reservierungssystem-fuer-wellness-und-spa-consulting\/#breadcrumb"},"inLanguage":"fr-FR","potentialAction":[{"@type":"ReadAction","target":["https:\/\/n-tree.com\/reservierungssystem-fuer-wellness-und-spa-consulting\/"]}]},{"@type":"BreadcrumbList","@id":"https:\/\/n-tree.com\/reservierungssystem-fuer-wellness-und-spa-consulting\/#breadcrumb","itemListElement":[{"@type":"ListItem","position":1,"name":"Home","item":"https:\/\/n-tree.com\/fr\/"},{"@type":"ListItem","position":2,"name":"Syst\u00e8me de r\u00e9servation pour les consultations de bien-\u00eatre et de spa"}]},{"@type":"WebSite","@id":"https:\/\/n-tree.com\/#website","url":"https:\/\/n-tree.com\/","name":"n-tree solutions","description":"Ma\u00dfgeschneiderte L\u00f6sungen f\u00fcr das Besuchermanagement","potentialAction":[{"@type":"SearchAction","target":{"@type":"EntryPoint","urlTemplate":"https:\/\/n-tree.com\/?s={search_term_string}"},"query-input":{"@type":"PropertyValueSpecification","valueRequired":true,"valueName":"search_term_string"}}],"inLanguage":"fr-FR"}]}},"_links":{"self":[{"href":"https:\/\/n-tree.com\/fr\/wp-json\/wp\/v2\/pages\/9095","targetHints":{"allow":["GET"]}}],"collection":[{"href":"https:\/\/n-tree.com\/fr\/wp-json\/wp\/v2\/pages"}],"about":[{"href":"https:\/\/n-tree.com\/fr\/wp-json\/wp\/v2\/types\/page"}],"author":[{"embeddable":true,"href":"https:\/\/n-tree.com\/fr\/wp-json\/wp\/v2\/users\/15"}],"replies":[{"embeddable":true,"href":"https:\/\/n-tree.com\/fr\/wp-json\/wp\/v2\/comments?post=9095"}],"version-history":[{"count":1,"href":"https:\/\/n-tree.com\/fr\/wp-json\/wp\/v2\/pages\/9095\/revisions"}],"predecessor-version":[{"id":10731,"href":"https:\/\/n-tree.com\/fr\/wp-json\/wp\/v2\/pages\/9095\/revisions\/10731"}],"wp:attachment":[{"href":"https:\/\/n-tree.com\/fr\/wp-json\/wp\/v2\/media?parent=9095"}],"curies":[{"name":"wp","href":"https:\/\/api.w.org\/{rel}","templated":true}]}}