{"id":10776,"date":"2020-03-26T11:55:16","date_gmt":"2020-03-26T10:55:16","guid":{"rendered":"https:\/\/n-tree.com\/protection-des-donnees\/"},"modified":"2026-02-24T10:58:54","modified_gmt":"2026-02-24T09:58:54","slug":"protection-des-donnees","status":"publish","type":"page","link":"https:\/\/n-tree.com\/fr\/protection-des-donnees\/","title":{"rendered":"Protection des donn\u00e9es"},"content":{"rendered":"<h2 class=\"wp-block-heading\">Qui sommes-nous ?<\/h2><p>L&#8217;adresse de notre site Web est la suivante : https:\/\/n-tree.com.<\/p><h2 class=\"wp-block-heading\">Quelles sont les donn\u00e9es personnelles que nous collectons et pourquoi nous les collectons ?<\/h2><h3 class=\"wp-block-heading\">Commentaires<\/h3><p>Lorsque les visiteurs \u00e9crivent des commentaires sur le site, nous collectons les donn\u00e9es affich\u00e9es dans le formulaire de commentaire, ainsi que l&#8217;adresse IP du visiteur et la cha\u00eene de l&#8217;agent utilisateur (qui permet d&#8217;identifier le navigateur) afin d&#8217;aider \u00e0 la d\u00e9tection des spams.<\/p><p>Une cha\u00eene de caract\u00e8res anonymis\u00e9e (\u00e9galement appel\u00e9e hash) peut \u00eatre cr\u00e9\u00e9e \u00e0 partir de votre adresse e-mail et transmise au service Gravatar afin de v\u00e9rifier si vous l&#8217;utilisez. Vous pouvez consulter la politique de confidentialit\u00e9 du service Gravatar ici : https:\/\/automattic.com\/privacy\/. Une fois votre commentaire approuv\u00e9, votre photo de profil sera visible publiquement dans le contexte de votre commentaire.<\/p><h3 class=\"wp-block-heading\">M\u00e9dias<\/h3><p>Si vous \u00eates un utilisateur enregistr\u00e9 et que vous t\u00e9l\u00e9chargez des photos sur ce site, vous devez \u00e9viter de t\u00e9l\u00e9charger des photos avec une localisation EXIF-GPS. Les visiteurs de ce site pourraient t\u00e9l\u00e9charger des photos stock\u00e9es sur ce site et en extraire les informations de localisation.<\/p><h3 class=\"wp-block-heading\">Formulaires de contact<\/h3><h3 class=\"wp-block-heading\">Cookies<\/h3><p>Si vous \u00e9crivez un commentaire sur notre site web, cela peut constituer un consentement pour que votre nom, votre adresse e-mail et votre site web soient enregistr\u00e9s dans des cookies. Il s&#8217;agit d&#8217;une fonction de confort qui vous \u00e9vite de devoir saisir \u00e0 nouveau toutes ces donn\u00e9es lorsque vous \u00e9crivez un autre commentaire. Ces cookies sont conserv\u00e9s pendant un an.<\/p><p>Si vous avez un compte et que vous vous connectez \u00e0 ce site, nous placerons un cookie temporaire afin de d\u00e9terminer si votre navigateur accepte les cookies. Ce cookie ne contient aucune donn\u00e9e personnelle et est d\u00e9truit lorsque vous fermez votre navigateur.<\/p><p>Lorsque vous vous inscrivez, nous configurons certains cookies pour stocker vos informations de connexion et vos options d&#8217;affichage. Les cookies de connexion expirent apr\u00e8s deux jours et les cookies des options d&#8217;affichage apr\u00e8s un an. Si vous choisissez de &#8220;rester connect\u00e9&#8221; lors de votre inscription, votre inscription sera maintenue pendant deux semaines. Lorsque vous vous d\u00e9connectez de votre compte, les cookies de connexion sont supprim\u00e9s.<\/p><p>Lorsque vous modifiez ou publiez un article, un cookie suppl\u00e9mentaire est enregistr\u00e9 dans votre navigateur. Ce cookie ne contient aucune information personnelle et ne fait r\u00e9f\u00e9rence qu&#8217;\u00e0 l&#8217;identifiant de publication de l&#8217;article que vous venez de modifier. Le cookie expire au bout d&#8217;un jour.<\/p><h3 class=\"wp-block-heading\">Contenu int\u00e9gr\u00e9 d&#8217;autres sites web<\/h3><p>Les contributions sur ce site peuvent inclure du contenu int\u00e9gr\u00e9 (par exemple, des vid\u00e9os, des images, des messages, etc.) Le contenu int\u00e9gr\u00e9 d&#8217;autres sites se comporte exactement comme si le visiteur avait visit\u00e9 l&#8217;autre site.<\/p><p>Ces sites peuvent collecter des informations sur vous, utiliser des cookies, int\u00e9grer des services de suivi suppl\u00e9mentaires de tiers et enregistrer votre interaction avec ce contenu int\u00e9gr\u00e9, y compris votre interaction avec le contenu int\u00e9gr\u00e9 si vous avez un compte et \u00eates connect\u00e9 \u00e0 ce site.<\/p><h3 class=\"wp-block-heading\">Services d&#8217;analyse<\/h3><h2 class=\"wp-block-heading\">Avec qui nous partageons vos donn\u00e9es<\/h2><h2 class=\"wp-block-heading\">Combien de temps nous conservons vos donn\u00e9es<\/h2><p>Lorsque vous \u00e9crivez un commentaire, celui-ci, y compris les m\u00e9tadonn\u00e9es, est enregistr\u00e9 pour une dur\u00e9e illimit\u00e9e. De cette fa\u00e7on, nous pouvons d\u00e9tecter et approuver automatiquement les commentaires de suivi au lieu de les garder dans une file d&#8217;attente de mod\u00e9ration.<\/p><p>Pour les utilisateurs qui s&#8217;inscrivent sur notre site, nous conservons \u00e9galement les informations personnelles qu&#8217;ils fournissent dans leur profil d&#8217;utilisateur. Tous les utilisateurs peuvent consulter, modifier ou supprimer leurs informations personnelles \u00e0 tout moment (le nom d&#8217;utilisateur ne peut pas \u00eatre modifi\u00e9). Les administrateurs du site peuvent \u00e9galement consulter et modifier ces informations.<\/p><h2 class=\"wp-block-heading\">Quels sont vos droits sur vos donn\u00e9es ?<\/h2><p>Si vous avez un compte sur ce site ou si vous avez \u00e9crit des commentaires, vous pouvez nous demander d&#8217;exporter vos donn\u00e9es personnelles, y compris toutes les donn\u00e9es que vous nous avez fournies. En outre, vous pouvez demander la suppression de toutes les donn\u00e9es personnelles que nous d\u00e9tenons \u00e0 votre sujet. Cela ne comprend pas les donn\u00e9es que nous devons conserver en raison de n\u00e9cessit\u00e9s administratives, juridiques ou de s\u00e9curit\u00e9.<\/p><h2 class=\"wp-block-heading\">O\u00f9 nous envoyons vos donn\u00e9es<\/h2><p>Les commentaires des visiteurs pourraient \u00eatre examin\u00e9s par un service automatis\u00e9 de d\u00e9tection des spams.<\/p><h2 class=\"wp-block-heading\">Vos informations de contact<\/h2><h2 class=\"wp-block-heading\">Plus d&#8217;informations<\/h2><h3 class=\"wp-block-heading\">Comment nous prot\u00e9geons vos donn\u00e9es<\/h3><h3 class=\"wp-block-heading\">Les mesures que nous proposons en cas de violation de la protection des donn\u00e9es<\/h3><h3 class=\"wp-block-heading\">Quels sont les fournisseurs tiers dont nous recevons des informations ?<\/h3><h3 class=\"wp-block-heading\">la prise de d\u00e9cision automatis\u00e9e et\/ou le profilage que nous effectuons avec les donn\u00e9es des utilisateurs<\/h3><h3 class=\"wp-block-heading\">Exigences r\u00e9glementaires prudentielles industrielles<\/h3>","protected":false},"excerpt":{"rendered":"<p>Qui sommes-nous ? L&#8217;adresse de notre site Web est la suivante : https:\/\/n-tree.com. Quelles sont les donn\u00e9es personnelles que nous collectons et pourquoi nous les collectons ? Commentaires Lorsque les visiteurs \u00e9crivent des commentaires sur le site, nous collectons les donn\u00e9es affich\u00e9es dans le formulaire de commentaire, ainsi que l&#8217;adresse IP du visiteur et la [&hellip;]<\/p>\n","protected":false},"author":1,"featured_media":0,"parent":0,"menu_order":0,"comment_status":"closed","ping_status":"open","template":"","meta":{"_acf_changed":false,"footnotes":""},"class_list":["post-10776","page","type-page","status-publish","hentry"],"acf":[],"yoast_head":"<!-- This site is optimized with the Yoast SEO plugin v26.9 - https:\/\/yoast.com\/product\/yoast-seo-wordpress\/ -->\n<title>Protection des donn\u00e9es - n-tree solutions<\/title>\n<meta name=\"robots\" content=\"index, follow, max-snippet:-1, max-image-preview:large, max-video-preview:-1\" \/>\n<link rel=\"canonical\" href=\"https:\/\/n-tree.com\/fr\/protection-des-donnees\/\" \/>\n<meta property=\"og:locale\" content=\"fr_FR\" \/>\n<meta property=\"og:type\" content=\"article\" \/>\n<meta property=\"og:title\" content=\"Protection des donn\u00e9es - n-tree solutions\" \/>\n<meta property=\"og:description\" content=\"Qui sommes-nous ? L&#8217;adresse de notre site Web est la suivante : https:\/\/n-tree.com. Quelles sont les donn\u00e9es personnelles que nous collectons et pourquoi nous les collectons ? Commentaires Lorsque les visiteurs \u00e9crivent des commentaires sur le site, nous collectons les donn\u00e9es affich\u00e9es dans le formulaire de commentaire, ainsi que l&#8217;adresse IP du visiteur et la [&hellip;]\" \/>\n<meta property=\"og:url\" content=\"https:\/\/n-tree.com\/fr\/protection-des-donnees\/\" \/>\n<meta property=\"og:site_name\" content=\"n-tree solutions\" \/>\n<meta property=\"article:modified_time\" content=\"2026-02-24T09:58:54+00:00\" \/>\n<meta name=\"twitter:card\" content=\"summary_large_image\" \/>\n<meta name=\"twitter:label1\" content=\"Est. reading time\" \/>\n\t<meta name=\"twitter:data1\" content=\"4 minutes\" \/>\n<script type=\"application\/ld+json\" class=\"yoast-schema-graph\">{\"@context\":\"https:\/\/schema.org\",\"@graph\":[{\"@type\":\"WebPage\",\"@id\":\"https:\/\/n-tree.com\/fr\/protection-des-donnees\/\",\"url\":\"https:\/\/n-tree.com\/fr\/protection-des-donnees\/\",\"name\":\"Protection des donn\u00e9es - n-tree solutions\",\"isPartOf\":{\"@id\":\"https:\/\/n-tree.com\/#website\"},\"datePublished\":\"2020-03-26T10:55:16+00:00\",\"dateModified\":\"2026-02-24T09:58:54+00:00\",\"breadcrumb\":{\"@id\":\"https:\/\/n-tree.com\/fr\/protection-des-donnees\/#breadcrumb\"},\"inLanguage\":\"fr-FR\",\"potentialAction\":[{\"@type\":\"ReadAction\",\"target\":[\"https:\/\/n-tree.com\/fr\/protection-des-donnees\/\"]}]},{\"@type\":\"BreadcrumbList\",\"@id\":\"https:\/\/n-tree.com\/fr\/protection-des-donnees\/#breadcrumb\",\"itemListElement\":[{\"@type\":\"ListItem\",\"position\":1,\"name\":\"Home\",\"item\":\"https:\/\/n-tree.com\/fr\/\"},{\"@type\":\"ListItem\",\"position\":2,\"name\":\"Protection des donn\u00e9es\"}]},{\"@type\":\"WebSite\",\"@id\":\"https:\/\/n-tree.com\/#website\",\"url\":\"https:\/\/n-tree.com\/\",\"name\":\"n-tree solutions\",\"description\":\"Ma\u00dfgeschneiderte L\u00f6sungen f\u00fcr das Besuchermanagement\",\"potentialAction\":[{\"@type\":\"SearchAction\",\"target\":{\"@type\":\"EntryPoint\",\"urlTemplate\":\"https:\/\/n-tree.com\/?s={search_term_string}\"},\"query-input\":{\"@type\":\"PropertyValueSpecification\",\"valueRequired\":true,\"valueName\":\"search_term_string\"}}],\"inLanguage\":\"fr-FR\"}]}<\/script>\n<!-- \/ Yoast SEO plugin. -->","yoast_head_json":{"title":"Protection des donn\u00e9es - n-tree solutions","robots":{"index":"index","follow":"follow","max-snippet":"max-snippet:-1","max-image-preview":"max-image-preview:large","max-video-preview":"max-video-preview:-1"},"canonical":"https:\/\/n-tree.com\/fr\/protection-des-donnees\/","og_locale":"fr_FR","og_type":"article","og_title":"Protection des donn\u00e9es - n-tree solutions","og_description":"Qui sommes-nous ? L&#8217;adresse de notre site Web est la suivante : https:\/\/n-tree.com. Quelles sont les donn\u00e9es personnelles que nous collectons et pourquoi nous les collectons ? Commentaires Lorsque les visiteurs \u00e9crivent des commentaires sur le site, nous collectons les donn\u00e9es affich\u00e9es dans le formulaire de commentaire, ainsi que l&#8217;adresse IP du visiteur et la [&hellip;]","og_url":"https:\/\/n-tree.com\/fr\/protection-des-donnees\/","og_site_name":"n-tree solutions","article_modified_time":"2026-02-24T09:58:54+00:00","twitter_card":"summary_large_image","twitter_misc":{"Est. reading time":"4 minutes"},"schema":{"@context":"https:\/\/schema.org","@graph":[{"@type":"WebPage","@id":"https:\/\/n-tree.com\/fr\/protection-des-donnees\/","url":"https:\/\/n-tree.com\/fr\/protection-des-donnees\/","name":"Protection des donn\u00e9es - n-tree solutions","isPartOf":{"@id":"https:\/\/n-tree.com\/#website"},"datePublished":"2020-03-26T10:55:16+00:00","dateModified":"2026-02-24T09:58:54+00:00","breadcrumb":{"@id":"https:\/\/n-tree.com\/fr\/protection-des-donnees\/#breadcrumb"},"inLanguage":"fr-FR","potentialAction":[{"@type":"ReadAction","target":["https:\/\/n-tree.com\/fr\/protection-des-donnees\/"]}]},{"@type":"BreadcrumbList","@id":"https:\/\/n-tree.com\/fr\/protection-des-donnees\/#breadcrumb","itemListElement":[{"@type":"ListItem","position":1,"name":"Home","item":"https:\/\/n-tree.com\/fr\/"},{"@type":"ListItem","position":2,"name":"Protection des donn\u00e9es"}]},{"@type":"WebSite","@id":"https:\/\/n-tree.com\/#website","url":"https:\/\/n-tree.com\/","name":"n-tree solutions","description":"Ma\u00dfgeschneiderte L\u00f6sungen f\u00fcr das Besuchermanagement","potentialAction":[{"@type":"SearchAction","target":{"@type":"EntryPoint","urlTemplate":"https:\/\/n-tree.com\/?s={search_term_string}"},"query-input":{"@type":"PropertyValueSpecification","valueRequired":true,"valueName":"search_term_string"}}],"inLanguage":"fr-FR"}]}},"_links":{"self":[{"href":"https:\/\/n-tree.com\/fr\/wp-json\/wp\/v2\/pages\/10776","targetHints":{"allow":["GET"]}}],"collection":[{"href":"https:\/\/n-tree.com\/fr\/wp-json\/wp\/v2\/pages"}],"about":[{"href":"https:\/\/n-tree.com\/fr\/wp-json\/wp\/v2\/types\/page"}],"author":[{"embeddable":true,"href":"https:\/\/n-tree.com\/fr\/wp-json\/wp\/v2\/users\/1"}],"replies":[{"embeddable":true,"href":"https:\/\/n-tree.com\/fr\/wp-json\/wp\/v2\/comments?post=10776"}],"version-history":[{"count":3,"href":"https:\/\/n-tree.com\/fr\/wp-json\/wp\/v2\/pages\/10776\/revisions"}],"predecessor-version":[{"id":43949,"href":"https:\/\/n-tree.com\/fr\/wp-json\/wp\/v2\/pages\/10776\/revisions\/43949"}],"wp:attachment":[{"href":"https:\/\/n-tree.com\/fr\/wp-json\/wp\/v2\/media?parent=10776"}],"curies":[{"name":"wp","href":"https:\/\/api.w.org\/{rel}","templated":true}]}}