{"id":10629,"date":"2020-03-26T11:55:16","date_gmt":"2020-03-26T10:55:16","guid":{"rendered":"https:\/\/n-tree.com\/page-daccueil\/"},"modified":"2025-07-04T14:05:16","modified_gmt":"2025-07-04T12:05:16","slug":"page-daccueil","status":"publish","type":"page","link":"https:\/\/n-tree.com\/fr\/","title":{"rendered":"Page d&#8217;accueil"},"content":{"rendered":"\n<p>Il s&#8217;agit d&#8217;une page d&#8217;exemple. Elle diff\u00e8re des messages car elle reste toujours au m\u00eame endroit et s&#8217;affiche (dans la plupart des th\u00e8mes) dans la navigation du site. La plupart commencent par les mentions l\u00e9gales, la politique de confidentialit\u00e9 ou une page &#8220;A propos de nous&#8221; pour se pr\u00e9senter aux visiteurs potentiels du site. On pourrait y lire par exemple<\/p>\n\n<blockquote class=\"wp-block-quote is-layout-flow wp-block-quote-is-layout-flow\"><p>Bonjour ! Je travaille dans la messagerie le jour et je me consacre \u00e0 l&#8217;art dramatique la nuit, et voici mon site. Je vis dans une grande ville, j&#8217;ai un super chien et j&#8217;aime les boissons avec parapluie (mais pas rester sous la pluie sans parapluie).<\/p><\/blockquote>\n\n<p>&#8230; ou quelque chose comme \u00e7a :<\/p>\n\n<blockquote class=\"wp-block-quote is-layout-flow wp-block-quote-is-layout-flow\"><p>La soci\u00e9t\u00e9 XYZ a \u00e9t\u00e9 fond\u00e9e en 1971 et fournit depuis lors au public des produits de haute qualit\u00e9. Situ\u00e9e dans une petite ville, l&#8217;entreprise emploie plus de 2 000 personnes et aide les citadins de plusieurs fa\u00e7ons.<\/p><\/blockquote>\n\n<p>En tant que nouvel utilisateur de WordPress, vous devriez acc\u00e9der \u00e0 votre <a href=\"https:\/\/n-tree.com\/wp\/wp-admin\/\">tableau de bord<\/a> pour supprimer cette page et cr\u00e9er de nouvelles pages pour votre contenu. Amusez-vous bien !<\/p>\n","protected":false},"excerpt":{"rendered":"<p>Il s&#8217;agit d&#8217;une page d&#8217;exemple. Elle diff\u00e8re des messages car elle reste toujours au m\u00eame endroit et s&#8217;affiche (dans la plupart des th\u00e8mes) dans la navigation du site. La plupart commencent par les mentions l\u00e9gales, la politique de confidentialit\u00e9 ou une page &#8220;A propos de nous&#8221; pour se pr\u00e9senter aux visiteurs potentiels du site. On [&hellip;]<\/p>\n","protected":false},"author":1,"featured_media":0,"parent":0,"menu_order":0,"comment_status":"closed","ping_status":"open","template":"","meta":{"_acf_changed":false,"footnotes":""},"class_list":["post-10629","page","type-page","status-publish","hentry"],"acf":[],"yoast_head":"<!-- This site is optimized with the Yoast SEO plugin v26.9 - https:\/\/yoast.com\/product\/yoast-seo-wordpress\/ -->\n<title>n-tree solutions Ticketsysteme GmbH<\/title>\n<meta name=\"description\" content=\"Depuis plus de 20 ans, nous proposons des solutions sur mesure pour la gestion des visiteurs dans les \u00e9tablissements de loisirs, culturels et industriels.\" \/>\n<meta name=\"robots\" content=\"index, follow, max-snippet:-1, max-image-preview:large, max-video-preview:-1\" \/>\n<link rel=\"canonical\" href=\"https:\/\/n-tree.com\/fr\/\" \/>\n<meta property=\"og:locale\" content=\"fr_FR\" \/>\n<meta property=\"og:type\" content=\"article\" \/>\n<meta property=\"og:title\" content=\"n-tree solutions Ticketsysteme GmbH\" \/>\n<meta property=\"og:description\" content=\"Depuis plus de 20 ans, nous proposons des solutions sur mesure pour la gestion des visiteurs dans les \u00e9tablissements de loisirs, culturels et industriels.\" \/>\n<meta property=\"og:url\" content=\"https:\/\/n-tree.com\/fr\/\" \/>\n<meta property=\"og:site_name\" content=\"n-tree solutions\" \/>\n<meta property=\"article:modified_time\" content=\"2025-07-04T12:05:16+00:00\" \/>\n<meta name=\"twitter:card\" content=\"summary_large_image\" \/>\n<meta name=\"twitter:label1\" content=\"Est. reading time\" \/>\n\t<meta name=\"twitter:data1\" content=\"1 minute\" \/>\n<script type=\"application\/ld+json\" class=\"yoast-schema-graph\">{\"@context\":\"https:\/\/schema.org\",\"@graph\":[{\"@type\":\"WebPage\",\"@id\":\"https:\/\/n-tree.com\/fr\/\",\"url\":\"https:\/\/n-tree.com\/fr\/\",\"name\":\"n-tree solutions Ticketsysteme GmbH\",\"isPartOf\":{\"@id\":\"https:\/\/n-tree.com\/#website\"},\"datePublished\":\"2020-03-26T10:55:16+00:00\",\"dateModified\":\"2025-07-04T12:05:16+00:00\",\"description\":\"Depuis plus de 20 ans, nous proposons des solutions sur mesure pour la gestion des visiteurs dans les \u00e9tablissements de loisirs, culturels et industriels.\",\"breadcrumb\":{\"@id\":\"https:\/\/n-tree.com\/fr\/#breadcrumb\"},\"inLanguage\":\"fr-FR\",\"potentialAction\":[{\"@type\":\"ReadAction\",\"target\":[\"https:\/\/n-tree.com\/fr\/\"]}]},{\"@type\":\"BreadcrumbList\",\"@id\":\"https:\/\/n-tree.com\/fr\/#breadcrumb\",\"itemListElement\":[{\"@type\":\"ListItem\",\"position\":1,\"name\":\"Home\",\"item\":\"https:\/\/n-tree.com\/fr\/\"},{\"@type\":\"ListItem\",\"position\":2,\"name\":\"Page d&#8217;accueil\"}]},{\"@type\":\"WebSite\",\"@id\":\"https:\/\/n-tree.com\/#website\",\"url\":\"https:\/\/n-tree.com\/\",\"name\":\"n-tree solutions\",\"description\":\"Ma\u00dfgeschneiderte L\u00f6sungen f\u00fcr das Besuchermanagement\",\"potentialAction\":[{\"@type\":\"SearchAction\",\"target\":{\"@type\":\"EntryPoint\",\"urlTemplate\":\"https:\/\/n-tree.com\/?s={search_term_string}\"},\"query-input\":{\"@type\":\"PropertyValueSpecification\",\"valueRequired\":true,\"valueName\":\"search_term_string\"}}],\"inLanguage\":\"fr-FR\"}]}<\/script>\n<!-- \/ Yoast SEO plugin. -->","yoast_head_json":{"title":"n-tree solutions Ticketsysteme GmbH","description":"Depuis plus de 20 ans, nous proposons des solutions sur mesure pour la gestion des visiteurs dans les \u00e9tablissements de loisirs, culturels et industriels.","robots":{"index":"index","follow":"follow","max-snippet":"max-snippet:-1","max-image-preview":"max-image-preview:large","max-video-preview":"max-video-preview:-1"},"canonical":"https:\/\/n-tree.com\/fr\/","og_locale":"fr_FR","og_type":"article","og_title":"n-tree solutions Ticketsysteme GmbH","og_description":"Depuis plus de 20 ans, nous proposons des solutions sur mesure pour la gestion des visiteurs dans les \u00e9tablissements de loisirs, culturels et industriels.","og_url":"https:\/\/n-tree.com\/fr\/","og_site_name":"n-tree solutions","article_modified_time":"2025-07-04T12:05:16+00:00","twitter_card":"summary_large_image","twitter_misc":{"Est. reading time":"1 minute"},"schema":{"@context":"https:\/\/schema.org","@graph":[{"@type":"WebPage","@id":"https:\/\/n-tree.com\/fr\/","url":"https:\/\/n-tree.com\/fr\/","name":"n-tree solutions Ticketsysteme GmbH","isPartOf":{"@id":"https:\/\/n-tree.com\/#website"},"datePublished":"2020-03-26T10:55:16+00:00","dateModified":"2025-07-04T12:05:16+00:00","description":"Depuis plus de 20 ans, nous proposons des solutions sur mesure pour la gestion des visiteurs dans les \u00e9tablissements de loisirs, culturels et industriels.","breadcrumb":{"@id":"https:\/\/n-tree.com\/fr\/#breadcrumb"},"inLanguage":"fr-FR","potentialAction":[{"@type":"ReadAction","target":["https:\/\/n-tree.com\/fr\/"]}]},{"@type":"BreadcrumbList","@id":"https:\/\/n-tree.com\/fr\/#breadcrumb","itemListElement":[{"@type":"ListItem","position":1,"name":"Home","item":"https:\/\/n-tree.com\/fr\/"},{"@type":"ListItem","position":2,"name":"Page d&#8217;accueil"}]},{"@type":"WebSite","@id":"https:\/\/n-tree.com\/#website","url":"https:\/\/n-tree.com\/","name":"n-tree solutions","description":"Ma\u00dfgeschneiderte L\u00f6sungen f\u00fcr das Besuchermanagement","potentialAction":[{"@type":"SearchAction","target":{"@type":"EntryPoint","urlTemplate":"https:\/\/n-tree.com\/?s={search_term_string}"},"query-input":{"@type":"PropertyValueSpecification","valueRequired":true,"valueName":"search_term_string"}}],"inLanguage":"fr-FR"}]}},"_links":{"self":[{"href":"https:\/\/n-tree.com\/fr\/wp-json\/wp\/v2\/pages\/10629","targetHints":{"allow":["GET"]}}],"collection":[{"href":"https:\/\/n-tree.com\/fr\/wp-json\/wp\/v2\/pages"}],"about":[{"href":"https:\/\/n-tree.com\/fr\/wp-json\/wp\/v2\/types\/page"}],"author":[{"embeddable":true,"href":"https:\/\/n-tree.com\/fr\/wp-json\/wp\/v2\/users\/1"}],"replies":[{"embeddable":true,"href":"https:\/\/n-tree.com\/fr\/wp-json\/wp\/v2\/comments?post=10629"}],"version-history":[{"count":3,"href":"https:\/\/n-tree.com\/fr\/wp-json\/wp\/v2\/pages\/10629\/revisions"}],"predecessor-version":[{"id":10634,"href":"https:\/\/n-tree.com\/fr\/wp-json\/wp\/v2\/pages\/10629\/revisions\/10634"}],"wp:attachment":[{"href":"https:\/\/n-tree.com\/fr\/wp-json\/wp\/v2\/media?parent=10629"}],"curies":[{"name":"wp","href":"https:\/\/api.w.org\/{rel}","templated":true}]}}