{"id":1847,"date":"2020-04-20T11:38:14","date_gmt":"2020-04-20T09:38:14","guid":{"rendered":"https:\/\/n-tree.com\/?page_id=1847"},"modified":"2024-05-20T17:40:39","modified_gmt":"2024-05-20T15:40:39","slug":"imprint","status":"publish","type":"page","link":"https:\/\/n-tree.com\/en\/imprint\/","title":{"rendered":"Imprint"},"content":{"rendered":"","protected":false},"excerpt":{"rendered":"","protected":false},"author":1,"featured_media":0,"parent":0,"menu_order":0,"comment_status":"closed","ping_status":"closed","template":"","meta":{"_acf_changed":false,"footnotes":""},"class_list":["post-1847","page","type-page","status-publish","hentry"],"acf":[],"yoast_head":"<!-- This site is optimized with the Yoast SEO plugin v26.9 - https:\/\/yoast.com\/product\/yoast-seo-wordpress\/ -->\n<title>Imprint - n-tree solutions<\/title>\n<meta name=\"robots\" content=\"index, follow, max-snippet:-1, max-image-preview:large, max-video-preview:-1\" \/>\n<link rel=\"canonical\" href=\"https:\/\/n-tree.com\/impressum\/\" \/>\n<meta property=\"og:locale\" content=\"en_US\" \/>\n<meta property=\"og:type\" content=\"article\" \/>\n<meta property=\"og:title\" content=\"Imprint - n-tree solutions\" \/>\n<meta property=\"og:url\" content=\"https:\/\/n-tree.com\/impressum\/\" \/>\n<meta property=\"og:site_name\" content=\"n-tree solutions\" \/>\n<meta property=\"article:modified_time\" content=\"2024-05-20T15:40:39+00:00\" \/>\n<meta name=\"twitter:card\" content=\"summary_large_image\" \/>\n<script type=\"application\/ld+json\" class=\"yoast-schema-graph\">{\"@context\":\"https:\/\/schema.org\",\"@graph\":[{\"@type\":\"WebPage\",\"@id\":\"https:\/\/n-tree.com\/impressum\/\",\"url\":\"https:\/\/n-tree.com\/impressum\/\",\"name\":\"Imprint - n-tree solutions\",\"isPartOf\":{\"@id\":\"https:\/\/n-tree.com\/#website\"},\"datePublished\":\"2020-04-20T09:38:14+00:00\",\"dateModified\":\"2024-05-20T15:40:39+00:00\",\"breadcrumb\":{\"@id\":\"https:\/\/n-tree.com\/impressum\/#breadcrumb\"},\"inLanguage\":\"en-US\",\"potentialAction\":[{\"@type\":\"ReadAction\",\"target\":[\"https:\/\/n-tree.com\/impressum\/\"]}]},{\"@type\":\"BreadcrumbList\",\"@id\":\"https:\/\/n-tree.com\/impressum\/#breadcrumb\",\"itemListElement\":[{\"@type\":\"ListItem\",\"position\":1,\"name\":\"Home\",\"item\":\"https:\/\/n-tree.com\/en\/\"},{\"@type\":\"ListItem\",\"position\":2,\"name\":\"Imprint\"}]},{\"@type\":\"WebSite\",\"@id\":\"https:\/\/n-tree.com\/#website\",\"url\":\"https:\/\/n-tree.com\/\",\"name\":\"n-tree solutions\",\"description\":\"Ma\u00dfgeschneiderte L\u00f6sungen f\u00fcr das Besuchermanagement\",\"potentialAction\":[{\"@type\":\"SearchAction\",\"target\":{\"@type\":\"EntryPoint\",\"urlTemplate\":\"https:\/\/n-tree.com\/?s={search_term_string}\"},\"query-input\":{\"@type\":\"PropertyValueSpecification\",\"valueRequired\":true,\"valueName\":\"search_term_string\"}}],\"inLanguage\":\"en-US\"}]}<\/script>\n<!-- \/ Yoast SEO plugin. -->","yoast_head_json":{"title":"Imprint - n-tree solutions","robots":{"index":"index","follow":"follow","max-snippet":"max-snippet:-1","max-image-preview":"max-image-preview:large","max-video-preview":"max-video-preview:-1"},"canonical":"https:\/\/n-tree.com\/impressum\/","og_locale":"en_US","og_type":"article","og_title":"Imprint - n-tree solutions","og_url":"https:\/\/n-tree.com\/impressum\/","og_site_name":"n-tree solutions","article_modified_time":"2024-05-20T15:40:39+00:00","twitter_card":"summary_large_image","schema":{"@context":"https:\/\/schema.org","@graph":[{"@type":"WebPage","@id":"https:\/\/n-tree.com\/impressum\/","url":"https:\/\/n-tree.com\/impressum\/","name":"Imprint - n-tree solutions","isPartOf":{"@id":"https:\/\/n-tree.com\/#website"},"datePublished":"2020-04-20T09:38:14+00:00","dateModified":"2024-05-20T15:40:39+00:00","breadcrumb":{"@id":"https:\/\/n-tree.com\/impressum\/#breadcrumb"},"inLanguage":"en-US","potentialAction":[{"@type":"ReadAction","target":["https:\/\/n-tree.com\/impressum\/"]}]},{"@type":"BreadcrumbList","@id":"https:\/\/n-tree.com\/impressum\/#breadcrumb","itemListElement":[{"@type":"ListItem","position":1,"name":"Home","item":"https:\/\/n-tree.com\/en\/"},{"@type":"ListItem","position":2,"name":"Imprint"}]},{"@type":"WebSite","@id":"https:\/\/n-tree.com\/#website","url":"https:\/\/n-tree.com\/","name":"n-tree solutions","description":"Ma\u00dfgeschneiderte L\u00f6sungen f\u00fcr das Besuchermanagement","potentialAction":[{"@type":"SearchAction","target":{"@type":"EntryPoint","urlTemplate":"https:\/\/n-tree.com\/?s={search_term_string}"},"query-input":{"@type":"PropertyValueSpecification","valueRequired":true,"valueName":"search_term_string"}}],"inLanguage":"en-US"}]}},"_links":{"self":[{"href":"https:\/\/n-tree.com\/en\/wp-json\/wp\/v2\/pages\/1847","targetHints":{"allow":["GET"]}}],"collection":[{"href":"https:\/\/n-tree.com\/en\/wp-json\/wp\/v2\/pages"}],"about":[{"href":"https:\/\/n-tree.com\/en\/wp-json\/wp\/v2\/types\/page"}],"author":[{"embeddable":true,"href":"https:\/\/n-tree.com\/en\/wp-json\/wp\/v2\/users\/1"}],"replies":[{"embeddable":true,"href":"https:\/\/n-tree.com\/en\/wp-json\/wp\/v2\/comments?post=1847"}],"version-history":[{"count":2,"href":"https:\/\/n-tree.com\/en\/wp-json\/wp\/v2\/pages\/1847\/revisions"}],"predecessor-version":[{"id":1857,"href":"https:\/\/n-tree.com\/en\/wp-json\/wp\/v2\/pages\/1847\/revisions\/1857"}],"wp:attachment":[{"href":"https:\/\/n-tree.com\/en\/wp-json\/wp\/v2\/media?parent=1847"}],"curies":[{"name":"wp","href":"https:\/\/api.w.org\/{rel}","templated":true}]}}