{"id":1838,"date":"2020-03-26T11:55:16","date_gmt":"2020-03-26T10:55:16","guid":{"rendered":"https:\/\/n-tree.com\/?page_id=1838"},"modified":"2025-07-04T14:05:20","modified_gmt":"2025-07-04T12:05:20","slug":"homepage","status":"publish","type":"page","link":"https:\/\/n-tree.com\/en\/","title":{"rendered":"Home page"},"content":{"rendered":"\n<p>This is an example page. It differs from posts because it always remains in the same place and is displayed in the website navigation (in most themes). Most start with an imprint, privacy policy or an &#8220;About us&#8221; page to introduce themselves to potential visitors to the website. For example, it could say:<\/p>\n\n<blockquote class=\"wp-block-quote is-layout-flow wp-block-quote-is-layout-flow\"><p>Hello! I work as a courier during the day, at night I dedicate myself to acting, and this is my website. I live in a big city, have a great dog and I like drinks with umbrellas (but not standing in the rain without an umbrella).<\/p><\/blockquote>\n\n<p>&#8230;or something like this:<\/p>\n\n<blockquote class=\"wp-block-quote is-layout-flow wp-block-quote-is-layout-flow\"><p>The XYZ company was founded in 1971 and has been supplying the public with high-quality products ever since. At its location in a small city, the company employs over 2,000 people and supports the city&#8217;s residents in many ways.<\/p><\/blockquote>\n\n<p>As a new WordPress user, you should go to your <a href=\"https:\/\/n-tree.com\/wp\/wp-admin\/\">dashboard<\/a> to delete this page and create new pages for your content. Have fun!<\/p>\n","protected":false},"excerpt":{"rendered":"<p>This is an example page. It differs from posts because it always remains in the same place and is displayed in the website navigation (in most themes). Most start with an imprint, privacy policy or an &#8220;About us&#8221; page to introduce themselves to potential visitors to the website. For example, it could say: Hello! I [&hellip;]<\/p>\n","protected":false},"author":1,"featured_media":0,"parent":0,"menu_order":0,"comment_status":"closed","ping_status":"open","template":"","meta":{"_acf_changed":false,"footnotes":""},"class_list":["post-1838","page","type-page","status-publish","hentry"],"acf":[],"yoast_head":"<!-- This site is optimized with the Yoast SEO plugin v26.9 - https:\/\/yoast.com\/product\/yoast-seo-wordpress\/ -->\n<title>n-tree solutions Ticketsysteme GmbH<\/title>\n<meta name=\"description\" content=\"For more than 20 years, we have been offering customized solutions for visitor management in leisure, cultural and industrial facilities.\" \/>\n<meta name=\"robots\" content=\"index, follow, max-snippet:-1, max-image-preview:large, max-video-preview:-1\" \/>\n<link rel=\"canonical\" href=\"https:\/\/n-tree.com\/en\/\" \/>\n<meta property=\"og:locale\" content=\"en_US\" \/>\n<meta property=\"og:type\" content=\"article\" \/>\n<meta property=\"og:title\" content=\"n-tree solutions Ticketsysteme GmbH\" \/>\n<meta property=\"og:description\" content=\"For more than 20 years, we have been offering customized solutions for visitor management in leisure, cultural and industrial facilities.\" \/>\n<meta property=\"og:url\" content=\"https:\/\/n-tree.com\/en\/\" \/>\n<meta property=\"og:site_name\" content=\"n-tree solutions\" \/>\n<meta property=\"article:modified_time\" content=\"2025-07-04T12:05:20+00:00\" \/>\n<meta name=\"twitter:card\" content=\"summary_large_image\" \/>\n<meta name=\"twitter:label1\" content=\"Est. reading time\" \/>\n\t<meta name=\"twitter:data1\" content=\"1 minute\" \/>\n<script type=\"application\/ld+json\" class=\"yoast-schema-graph\">{\"@context\":\"https:\/\/schema.org\",\"@graph\":[{\"@type\":\"WebPage\",\"@id\":\"https:\/\/n-tree.com\/en\/\",\"url\":\"https:\/\/n-tree.com\/en\/\",\"name\":\"n-tree solutions Ticketsysteme GmbH\",\"isPartOf\":{\"@id\":\"https:\/\/n-tree.com\/#website\"},\"datePublished\":\"2020-03-26T10:55:16+00:00\",\"dateModified\":\"2025-07-04T12:05:20+00:00\",\"description\":\"For more than 20 years, we have been offering customized solutions for visitor management in leisure, cultural and industrial facilities.\",\"breadcrumb\":{\"@id\":\"https:\/\/n-tree.com\/en\/#breadcrumb\"},\"inLanguage\":\"en-US\",\"potentialAction\":[{\"@type\":\"ReadAction\",\"target\":[\"https:\/\/n-tree.com\/en\/\"]}]},{\"@type\":\"BreadcrumbList\",\"@id\":\"https:\/\/n-tree.com\/en\/#breadcrumb\",\"itemListElement\":[{\"@type\":\"ListItem\",\"position\":1,\"name\":\"Home\",\"item\":\"https:\/\/n-tree.com\/en\/\"},{\"@type\":\"ListItem\",\"position\":2,\"name\":\"Home page\"}]},{\"@type\":\"WebSite\",\"@id\":\"https:\/\/n-tree.com\/#website\",\"url\":\"https:\/\/n-tree.com\/\",\"name\":\"n-tree solutions\",\"description\":\"Ma\u00dfgeschneiderte L\u00f6sungen f\u00fcr das Besuchermanagement\",\"potentialAction\":[{\"@type\":\"SearchAction\",\"target\":{\"@type\":\"EntryPoint\",\"urlTemplate\":\"https:\/\/n-tree.com\/?s={search_term_string}\"},\"query-input\":{\"@type\":\"PropertyValueSpecification\",\"valueRequired\":true,\"valueName\":\"search_term_string\"}}],\"inLanguage\":\"en-US\"}]}<\/script>\n<!-- \/ Yoast SEO plugin. -->","yoast_head_json":{"title":"n-tree solutions Ticketsysteme GmbH","description":"For more than 20 years, we have been offering customized solutions for visitor management in leisure, cultural and industrial facilities.","robots":{"index":"index","follow":"follow","max-snippet":"max-snippet:-1","max-image-preview":"max-image-preview:large","max-video-preview":"max-video-preview:-1"},"canonical":"https:\/\/n-tree.com\/en\/","og_locale":"en_US","og_type":"article","og_title":"n-tree solutions Ticketsysteme GmbH","og_description":"For more than 20 years, we have been offering customized solutions for visitor management in leisure, cultural and industrial facilities.","og_url":"https:\/\/n-tree.com\/en\/","og_site_name":"n-tree solutions","article_modified_time":"2025-07-04T12:05:20+00:00","twitter_card":"summary_large_image","twitter_misc":{"Est. reading time":"1 minute"},"schema":{"@context":"https:\/\/schema.org","@graph":[{"@type":"WebPage","@id":"https:\/\/n-tree.com\/en\/","url":"https:\/\/n-tree.com\/en\/","name":"n-tree solutions Ticketsysteme GmbH","isPartOf":{"@id":"https:\/\/n-tree.com\/#website"},"datePublished":"2020-03-26T10:55:16+00:00","dateModified":"2025-07-04T12:05:20+00:00","description":"For more than 20 years, we have been offering customized solutions for visitor management in leisure, cultural and industrial facilities.","breadcrumb":{"@id":"https:\/\/n-tree.com\/en\/#breadcrumb"},"inLanguage":"en-US","potentialAction":[{"@type":"ReadAction","target":["https:\/\/n-tree.com\/en\/"]}]},{"@type":"BreadcrumbList","@id":"https:\/\/n-tree.com\/en\/#breadcrumb","itemListElement":[{"@type":"ListItem","position":1,"name":"Home","item":"https:\/\/n-tree.com\/en\/"},{"@type":"ListItem","position":2,"name":"Home page"}]},{"@type":"WebSite","@id":"https:\/\/n-tree.com\/#website","url":"https:\/\/n-tree.com\/","name":"n-tree solutions","description":"Ma\u00dfgeschneiderte L\u00f6sungen f\u00fcr das Besuchermanagement","potentialAction":[{"@type":"SearchAction","target":{"@type":"EntryPoint","urlTemplate":"https:\/\/n-tree.com\/?s={search_term_string}"},"query-input":{"@type":"PropertyValueSpecification","valueRequired":true,"valueName":"search_term_string"}}],"inLanguage":"en-US"}]}},"_links":{"self":[{"href":"https:\/\/n-tree.com\/en\/wp-json\/wp\/v2\/pages\/1838","targetHints":{"allow":["GET"]}}],"collection":[{"href":"https:\/\/n-tree.com\/en\/wp-json\/wp\/v2\/pages"}],"about":[{"href":"https:\/\/n-tree.com\/en\/wp-json\/wp\/v2\/types\/page"}],"author":[{"embeddable":true,"href":"https:\/\/n-tree.com\/en\/wp-json\/wp\/v2\/users\/1"}],"replies":[{"embeddable":true,"href":"https:\/\/n-tree.com\/en\/wp-json\/wp\/v2\/comments?post=1838"}],"version-history":[{"count":9,"href":"https:\/\/n-tree.com\/en\/wp-json\/wp\/v2\/pages\/1838\/revisions"}],"predecessor-version":[{"id":10630,"href":"https:\/\/n-tree.com\/en\/wp-json\/wp\/v2\/pages\/1838\/revisions\/10630"}],"wp:attachment":[{"href":"https:\/\/n-tree.com\/en\/wp-json\/wp\/v2\/media?parent=1838"}],"curies":[{"name":"wp","href":"https:\/\/api.w.org\/{rel}","templated":true}]}}